{"id":3,"date":"2023-07-17T15:01:34","date_gmt":"2023-07-17T15:01:34","guid":{"rendered":"https:\/\/navixum.com\/?page_id=3"},"modified":"2025-08-27T05:13:07","modified_gmt":"2025-08-27T05:13:07","slug":"privacy-policy","status":"publish","type":"page","link":"https:\/\/navixum.com\/es\/privacy-policy\/","title":{"rendered":"Privacy Policy"},"content":{"rendered":"<h2 class=\"wp-block-heading\"><\/h2>\n\n\n\n<p>De conformidad con lo establecido en la Ley Federal de Protecci\u00f3n de Datos Personales en Posesi\u00f3n de los Particulares, navixum Innovacion S.A.P.I. de C.V. pone a su disposici\u00f3n el siguiente aviso de privacidad.<\/p>\n\n\n\n<p>Navixum Innovacion S.A.P.I. de C.V., es responsable del uso y protecci\u00f3n de sus datos personales, en este sentido y atendiendo las obligaciones legales establecidas en la Ley Federal de Protecci\u00f3n de Datos Personales en Posesi\u00f3n de los Particulares, a trav\u00e9s de este instrumento se informa a los titulares de los datos, la informaci\u00f3n que de ellos se recaba y los fines que se le dar\u00e1n a dicha informaci\u00f3n.<\/p>\n\n\n\n<p><\/p>\n\n\n\n<p>Adem\u00e1s de lo anterior, informamos a usted que Navixum Innovacion S.A.P.I. de C.V., tiene su domicilio ubicado en:<\/p>\n\n\n\n<p>Local 13, Col. los Olivos, Gomez Palacio Durango, cp. 35049<\/p>\n\n\n\n<p>Los datos personales que recabamos de usted ser\u00e1n utilizados para las siguientes finalidades, las cuales son necesarias para concretar nuestra relaci\u00f3n con usted, as\u00ed como para atender los servicios y\/o pedidos que solicite:<\/p>\n\n\n\n<p>Los datos personales que se recaban en un sitio web pueden ser utilizados para una variedad de fines, los cuales deben ser claramente especificados al usuario en el aviso de privacidad. A continuaci\u00f3n, se describen los fines m\u00e1s comunes:<\/p>\n\n\n\n<p>Prestaci\u00f3n de servicios: Utilizar los datos para brindar los servicios solicitados por el usuario, como el registro en una plataforma, la compra de productos, suscripciones o acceso a contenidos.<\/p>\n\n\n\n<p>Comunicaci\u00f3n con el usuario: Contactar al usuario para proporcionar informaci\u00f3n relacionada con su cuenta, cambios en los servicios, confirmaciones de pedidos o soporte t\u00e9cnico.<\/p>\n\n\n\n<p>Fines publicitarios y de mercadotecnia: Enviar promociones, boletines, encuestas u ofertas personalizadas con base en los intereses del usuario, siempre que este haya otorgado su consentimiento.<\/p>\n\n\n\n<p>Mejora del sitio web y experiencia del usuario: Analizar el comportamiento de navegaci\u00f3n y uso del sitio para optimizar funcionalidades, dise\u00f1o, y contenidos.<\/p>\n\n\n\n<p>Cumplimiento de obligaciones legales: Utilizar los datos para dar cumplimiento a obligaciones legales o requerimientos de autoridades competentes.<\/p>\n\n\n\n<p>Prevenci\u00f3n de fraudes y seguridad: Verificar la identidad del usuario y proteger tanto su informaci\u00f3n como la del sitio ante posibles accesos no autorizados o actividades fraudulentas.<\/p>\n\n\n\n<p>Para llevar a cabo las finalidades descritas en el presente aviso de privacidad, utilizaremos los siguientes datos personales:<\/p>\n\n\n\n<p>Datos de identificaci\u00f3n: nombre completo, fecha de nacimiento, sexo, nacionalidad.<\/p>\n\n\n\n<p>Datos de contacto: correo electr\u00f3nico, n\u00famero de tel\u00e9fono, direcci\u00f3n.<\/p>\n\n\n\n<p>Datos de acceso y autenticaci\u00f3n: nombre de usuario, contrase\u00f1a y otros identificadores de acceso.<\/p>\n\n\n\n<p>Datos de facturaci\u00f3n y pago (en caso de compras): direcci\u00f3n de facturaci\u00f3n, n\u00famero de tarjeta bancaria (estos datos pueden ser gestionados por un tercero seguro).<\/p>\n\n\n\n<p>Datos de navegaci\u00f3n: direcci\u00f3n IP, tipo de navegador, p\u00e1ginas visitadas, duraci\u00f3n de la visita, cookies y tecnolog\u00edas similares.<\/p>\n\n\n\n<p>Preferencias de usuario: productos o servicios de inter\u00e9s, historial de compras o navegaci\u00f3n, configuraciones de cuenta.<\/p>\n\n\n\n<p><\/p>\n\n\n\n<p>Por otra parte, informamos a usted, que sus datos personales no ser\u00e1n compartidos con ninguna autoridad, empresa, organizaci\u00f3n o persona distintas a nosotros y ser\u00e1n utilizados exclusivamente para los fines se\u00f1alados.<\/p>\n\n\n\n<p><\/p>\n\n\n\n<p>Usted tiene en todo momento el derecho a conocer qu\u00e9 datos personales tenemos de usted, para qu\u00e9 los utilizamos y las condiciones del uso que les damos (Acceso). Asimismo, es su derecho solicitar la correcci\u00f3n de su informaci\u00f3n personal en caso de que est\u00e9 desactualizada, sea inexacta o incompleta (Rectificaci\u00f3n). De igual manera, tiene derecho a que su informaci\u00f3n se elimine de nuestros registros o bases de datos cuando considere que la misma no est\u00e1 siendo utilizada adecuadamente (Cancelaci\u00f3n); as\u00ed como tambi\u00e9n a oponerse al uso de sus datos personales para fines espec\u00edficos (Oposici\u00f3n). Estos derechos se conocen como derechos ARCO.<\/p>\n\n\n\n<p>Para el ejercicio de cualquiera de los derechos ARCO, se deber\u00e1 presentar la solicitud respectiva a trav\u00e9s del siguiente correo electr\u00f3nico: info@navixum.com<\/p>\n\n\n\n<p><\/p>\n\n\n\n<p>Lo anterior tambi\u00e9n servir\u00e1 para conocer el procedimiento y requisitos para el ejercicio de los derechos ARCO, no obstante, la solicitud de ejercicio de estos derechos debe contener la siguiente informaci\u00f3n:<\/p>\n\n\n\n<p>Nombre del solicitante<\/p>\n\n\n\n<p>Tel\u00e9fono del solicitante<\/p>\n\n\n\n<p>Contenido o motivo de la solicitud<\/p>\n\n\n\n<p>Firma del solicitante<\/p>\n\n\n\n<p><\/p>\n\n\n\n<p>La respuesta a la solicitud se dar\u00e1 en un plazo de 15 d\u00edas a partir de la recepci\u00f3n de la solicitud y se comunicar\u00e1 v\u00eda correo electr\u00f3nico.<\/p>\n\n\n\n<p>Los datos de contacto de la persona o departamento de datos personales, que est\u00e1 a cargo de dar tr\u00e1mite a las solicitudes de derechos ARCO, son los siguientes:<\/p>\n\n\n\n<p>a) Nombre de la persona o departamento responsable: Administracion<\/p>\n\n\n\n<p>b) Domicilio: Local 13, Col. Los Olivos, Gomez Palacio, Durango, cp 35049<\/p>\n\n\n\n<p>c) Tel\u00e9fono: +523315137770<\/p>\n\n\n\n<p>d) Correo electr\u00f3nico: info@navixum.com<\/p>\n\n\n\n<p><\/p>\n\n\n\n<p>Cabe mencionar, que en cualquier momento usted puede revocar su consentimiento para el uso de sus datos personales. Del mismo modo, usted puede revocar el consentimiento que, en su caso, nos haya otorgado para el tratamiento de sus datos personales. Sin embargo, es importante que tenga en cuenta que no en todos los casos podremos atender su solicitud o concluir el uso de forma inmediata, ya que es posible que por alguna obligaci\u00f3n legal se requiera seguir tratando sus datos personales. Asi mismo, usted deber\u00e1 considerar que para ciertos fines la revocaci\u00f3n de su consentimiento implicar\u00e1 que no podamos seguir prestando el servicio que nos solicit\u00f3, o la conclusi\u00f3n de su relaci\u00f3n con nosotros.<\/p>\n\n\n\n<p><\/p>\n\n\n\n<p>Para revocar el consentimiento que usted otorga en este acto o para limitar su divulgaci\u00f3n, se deber\u00e1 presentar la solicitud respectiva a trav\u00e9s del siguiente correo electr\u00f3nico:<\/p>\n\n\n\n<p>info@navixum.com<\/p>\n\n\n\n<p>Del mismo modo, podr\u00e1 solicitar la informaci\u00f3n para conocer el procedimiento y requisitos para la revocaci\u00f3n del consentimiento, as\u00ed como limitar el uso y divulgaci\u00f3n de su informaci\u00f3n personal, sin embargo, estas solicitudes deber\u00e1n contener la siguiente informaci\u00f3n:<\/p>\n\n\n\n<p>Nombre del solicitante<\/p>\n\n\n\n<p>Tel\u00e9fono del solicitante<\/p>\n\n\n\n<p>Contenido o motivo de la solicitud<\/p>\n\n\n\n<p>Firma del solicitante<\/p>\n\n\n\n<p><\/p>\n\n\n\n<p>La respuesta a la solicitud se dar\u00e1 en un plazo de 15 d\u00edas a partir de la recepci\u00f3n de la solicitud y se comunicar\u00e1 v\u00eda correo electr\u00f3nico.<\/p>\n\n\n\n<p>El presente aviso de privacidad puede sufrir modificaciones, cambios o actualizaciones derivadas de nuevos requerimientos legales; de nuestras propias necesidades por los productos o servicios que ofrecemos; de nuestras pr\u00e1cticas de privacidad; de cambios en nuestro modelo de negocio, o por otras causas, por lo cual, nos comprometemos a mantenerlo informado sobre los cambios que pueda sufrir el presente aviso de privacidad, sin embargo, usted puede solicitar informaci\u00f3n sobre si el mismo ha sufrido alg\u00fan cambio a trav\u00e9s del siguiente correo electr\u00f3nico:<\/p>\n\n\n\n<p>info@navixum.com<\/p>\n\n\n\n<p>Navixum Innovacion S.A.P.I. de C.V.<\/p>\n\n\n\n<p>\u00daltima actualizaci\u00f3n:<\/p>\n\n\n\n<p>11\/05\/2025<\/p>","protected":false},"excerpt":{"rendered":"<p>De conformidad con lo establecido en la Ley Federal de Protecci\u00f3n de Datos Personales en Posesi\u00f3n de los Particulares, navixum Innovacion S.A.P.I. de C.V. pone a su disposici\u00f3n el siguiente [&hellip;]<\/p>\n","protected":false},"author":1,"featured_media":0,"parent":0,"menu_order":0,"comment_status":"closed","ping_status":"open","template":"","meta":{"_coblocks_attr":"","_coblocks_dimensions":"","_coblocks_responsive_height":"","_coblocks_accordion_ie_support":"","footnotes":""},"class_list":["post-3","page","type-page","status-publish","hentry"],"_links":{"self":[{"href":"https:\/\/navixum.com\/es\/wp-json\/wp\/v2\/pages\/3","targetHints":{"allow":["GET"]}}],"collection":[{"href":"https:\/\/navixum.com\/es\/wp-json\/wp\/v2\/pages"}],"about":[{"href":"https:\/\/navixum.com\/es\/wp-json\/wp\/v2\/types\/page"}],"author":[{"embeddable":true,"href":"https:\/\/navixum.com\/es\/wp-json\/wp\/v2\/users\/1"}],"replies":[{"embeddable":true,"href":"https:\/\/navixum.com\/es\/wp-json\/wp\/v2\/comments?post=3"}],"version-history":[{"count":2,"href":"https:\/\/navixum.com\/es\/wp-json\/wp\/v2\/pages\/3\/revisions"}],"predecessor-version":[{"id":3062,"href":"https:\/\/navixum.com\/es\/wp-json\/wp\/v2\/pages\/3\/revisions\/3062"}],"wp:attachment":[{"href":"https:\/\/navixum.com\/es\/wp-json\/wp\/v2\/media?parent=3"}],"curies":[{"name":"wp","href":"https:\/\/api.w.org\/{rel}","templated":true}]}}