{"id":3239,"date":"2025-09-24T20:22:15","date_gmt":"2025-09-24T20:22:15","guid":{"rendered":"https:\/\/navixum.com\/?page_id=3239"},"modified":"2025-09-24T21:29:22","modified_gmt":"2025-09-24T21:29:22","slug":"anniversary-2025-conflicto","status":"publish","type":"page","link":"https:\/\/navixum.com\/es\/anniversary-2025-conflicto\/","title":{"rendered":"Anniversary 2025-conflicto"},"content":{"rendered":"<p><\/p>\n\n\n<p><\/p>\n<p><strong>2025 es el a\u00f1o para llevar tu carrera y tu empresa al siguiente nivel<\/strong><\/p>\n<p>Este 2025, en Navixum te invitamos a ser parte de experiencias \u00fanicas:<\/p>\n<p>&#8211; Un Workshop presencial lleno de networking y aprendizaje pr\u00e1ctico.<br>&#8211; Un Webinar virtual donde podr\u00e1s conectarte desde cualquier lugar del mundo.<\/p>\n<p><strong>Todo como parte de los eventos de aniversario Navixum 2025.<\/strong><\/p>\n<p>Por qu\u00e9 no puedes faltar:<\/p>\n<p>&nbsp;\ud83c\udf0e <b>Visi\u00f3n global:<\/b> descubre lo que est\u00e1 transformando a las empresas m\u00e1s innovadoras.<br>&nbsp;\ud83d\udee0\ufe0f <b>Aprendizaje pr\u00e1ctico:<\/b> lleva nuevas estrategias de Marketing Cloud y Data a tu d\u00eda a d\u00eda.<br>&nbsp;\ud83e\udd1d <b>Networking de alto valor:<\/b> conecta con expertos en el Workshop presencial.<br>&nbsp;\ud83d\udcbb <b>Acceso sin fronteras:<\/b> participa en el Webinar virtual desde donde est\u00e9s.<br>&nbsp;\ud83c\udf89 <b>Evento especial de aniversario:<\/b> celebra con nosotros un a\u00f1o m\u00e1s de innovaci\u00f3n y crecimiento.<\/p>\n<p><strong>Lo que vivir\u00e1s en los eventos de aniversario Navixum 2025.<\/strong><\/p>\n<p>Imagina un espacio donde el conocimiento se convierte en acci\u00f3n.<\/p>\n<p>Donde cada idea, contacto y herramienta que descubras puede cambiar el rumbo de tus proyectos.<\/p>\n<p>Eso es lo que encontrar\u00e1s en nuestro Workshop presencial y Webinar virtual de aniversario.<\/p>\n<p><\/p>\n<p><strong>\ud83d\udd25 Los cupos son limitados y la innovaci\u00f3n no espera.<\/strong><\/p>\n<p>Reg\u00edstrate hoy mismo en el siguiente formulario y da el primer paso hacia la innovaci\u00f3n.<\/p><p><iframe title=\"Navixum\" src=\"https:\/\/mcrclnjtwyxhrp29brr9dk1h24h4.pub.sfmc-content.com\/ehxprykpfsu\" width=\"100%\" height=\"800\"><\/iframe><\/p>","protected":false},"excerpt":{"rendered":"<p>2025 es el a\u00f1o para llevar tu carrera y tu empresa al siguiente nivel Este 2025, en Navixum te invitamos a ser parte de experiencias \u00fanicas: &#8211; Un Workshop presencial [&hellip;]<\/p>\n","protected":false},"author":1,"featured_media":0,"parent":0,"menu_order":0,"comment_status":"closed","ping_status":"closed","template":"","meta":{"_coblocks_attr":"","_coblocks_dimensions":"","_coblocks_responsive_height":"","_coblocks_accordion_ie_support":"","footnotes":""},"class_list":["post-3239","page","type-page","status-publish","hentry"],"_links":{"self":[{"href":"https:\/\/navixum.com\/es\/wp-json\/wp\/v2\/pages\/3239","targetHints":{"allow":["GET"]}}],"collection":[{"href":"https:\/\/navixum.com\/es\/wp-json\/wp\/v2\/pages"}],"about":[{"href":"https:\/\/navixum.com\/es\/wp-json\/wp\/v2\/types\/page"}],"author":[{"embeddable":true,"href":"https:\/\/navixum.com\/es\/wp-json\/wp\/v2\/users\/1"}],"replies":[{"embeddable":true,"href":"https:\/\/navixum.com\/es\/wp-json\/wp\/v2\/comments?post=3239"}],"version-history":[{"count":12,"href":"https:\/\/navixum.com\/es\/wp-json\/wp\/v2\/pages\/3239\/revisions"}],"predecessor-version":[{"id":3253,"href":"https:\/\/navixum.com\/es\/wp-json\/wp\/v2\/pages\/3239\/revisions\/3253"}],"wp:attachment":[{"href":"https:\/\/navixum.com\/es\/wp-json\/wp\/v2\/media?parent=3239"}],"curies":[{"name":"wp","href":"https:\/\/api.w.org\/{rel}","templated":true}]}}