{"id":3254,"date":"2025-09-23T21:19:29","date_gmt":"2025-09-23T21:19:29","guid":{"rendered":"https:\/\/navixum.com\/?page_id=3254"},"modified":"2025-09-24T23:48:00","modified_gmt":"2025-09-24T23:48:00","slug":"anniversary-2025","status":"publish","type":"page","link":"https:\/\/navixum.com\/es\/anniversary-2025\/","title":{"rendered":"Anniversary 2025"},"content":{"rendered":"<div data-elementor-type=\"wp-page\" data-elementor-id=\"3254\" class=\"elementor elementor-3254\">\n\t\t\t\t\t\t<section class=\"elementor-section elementor-top-section elementor-element elementor-element-35ac192 elementor-section-boxed elementor-section-height-default elementor-section-height-default\" data-id=\"35ac192\" data-element_type=\"section\" data-e-type=\"section\">\n\t\t\t\t\t\t<div class=\"elementor-container elementor-column-gap-default\">\n\t\t\t\t\t<div class=\"elementor-column elementor-col-50 elementor-top-column elementor-element elementor-element-a51a930\" data-id=\"a51a930\" data-element_type=\"column\" data-e-type=\"column\">\n\t\t\t<div class=\"elementor-widget-wrap elementor-element-populated\">\n\t\t\t\t\t\t<div class=\"elementor-element elementor-element-ba85b23 elementor-widget__width-initial elementor-widget elementor-widget-text-editor\" data-id=\"ba85b23\" data-element_type=\"widget\" data-e-type=\"widget\" data-widget_type=\"text-editor.default\">\n\t\t\t\t<div class=\"elementor-widget-container\">\n\t\t\t\t\t\t\t\t\t<h5><strong>2025 es el a\u00f1o para llevar tu carrera y tu empresa al siguiente nivel<\/strong><\/h5><p>Este 2025, en Navixum te invitamos a ser parte de experiencias \u00fanicas:<\/p><p>&#8211; Un Workshop presencial lleno de networking y aprendizaje pr\u00e1ctico.<br \/>&#8211; Un Webinar virtual donde podr\u00e1s conectarte desde cualquier lugar del mundo.<\/p><p><strong>Todo como parte de los eventos de aniversario Navixum 2025.<\/strong><\/p><p>Por qu\u00e9 no puedes faltar:<\/p><p>\u00a0\ud83c\udf0e <b>Visi\u00f3n global:<\/b> descubre lo que est\u00e1 transformando a las empresas m\u00e1s innovadoras.<br \/>\u00a0\ud83d\udee0\ufe0f <b>Aprendizaje pr\u00e1ctico:<\/b> lleva nuevas estrategias de Marketing Cloud y Data a tu d\u00eda a d\u00eda.<br \/>\u00a0\ud83e\udd1d <b>Networking de alto valor:<\/b> conecta con expertos en el Workshop presencial.<br \/>\u00a0\ud83d\udcbb <b>Acceso sin fronteras:<\/b> participa en el Webinar virtual desde donde est\u00e9s.<br \/>\u00a0\ud83c\udf89 <b>Evento especial de aniversario:<\/b> celebra con nosotros un a\u00f1o m\u00e1s de innovaci\u00f3n y crecimiento.<\/p><p><strong>Lo que vivir\u00e1s en los eventos de aniversario Navixum 2025.<\/strong><\/p><p>Imagina un espacio donde el conocimiento se convierte en acci\u00f3n.<\/p><p>Donde cada idea, contacto y herramienta que descubras puede cambiar el rumbo de tus proyectos.<\/p><p>Eso es lo que encontrar\u00e1s en nuestro Workshop presencial y Webinar virtual de aniversario.<\/p><p><strong>\ud83d\udd25 Los cupos son limitados y la innovaci\u00f3n no espera.<\/strong><\/p><p>Reg\u00edstrate hoy mismo en el siguiente formulario y da el primer paso hacia la innovaci\u00f3n.<\/p>\t\t\t\t\t\t\t\t<\/div>\n\t\t\t\t<\/div>\n\t\t\t\t\t<\/div>\n\t\t<\/div>\n\t\t\t\t<div class=\"elementor-column elementor-col-50 elementor-top-column elementor-element elementor-element-16eb3ac\" data-id=\"16eb3ac\" data-element_type=\"column\" data-e-type=\"column\">\n\t\t\t<div class=\"elementor-widget-wrap elementor-element-populated\">\n\t\t\t\t\t\t<div class=\"elementor-element elementor-element-7b8cb92 elementor-widget-tablet__width-initial elementor-widget-mobile__width-initial elementor-widget elementor-widget-text-editor\" data-id=\"7b8cb92\" data-element_type=\"widget\" data-e-type=\"widget\" data-widget_type=\"text-editor.default\">\n\t\t\t\t<div class=\"elementor-widget-container\">\n\t\t\t\t\t\t\t\t\t<iframe src=\"https:\/\/mcrclnjtwyxhrp29brr9dk1h24h4.pub.sfmc-content.com\/ehxprykpfsu\" width=\"100%\" height=\"800\" title=\"Navixum\" >\n<\/iframe>\t\t\t\t\t\t\t\t<\/div>\n\t\t\t\t<\/div>\n\t\t\t\t\t<\/div>\n\t\t<\/div>\n\t\t\t\t\t<\/div>\n\t\t<\/section>\n\t\t\t\t<section class=\"elementor-section elementor-top-section elementor-element elementor-element-cb525c3 elementor-section-boxed elementor-section-height-default elementor-section-height-default\" data-id=\"cb525c3\" data-element_type=\"section\" data-e-type=\"section\">\n\t\t\t\t\t\t<div class=\"elementor-container elementor-column-gap-default\">\n\t\t\t\t\t<div class=\"elementor-column elementor-col-100 elementor-top-column elementor-element elementor-element-956b3e3\" data-id=\"956b3e3\" data-element_type=\"column\" data-e-type=\"column\">\n\t\t\t<div class=\"elementor-widget-wrap\">\n\t\t\t\t\t\t\t<\/div>\n\t\t<\/div>\n\t\t\t\t\t<\/div>\n\t\t<\/section>\n\t\t\t\t<\/div>","protected":false},"excerpt":{"rendered":"<p>2025 es el a\u00f1o para llevar tu carrera y tu empresa al siguiente nivel Este 2025, en Navixum te invitamos a ser parte de experiencias \u00fanicas: &#8211; Un Workshop presencial [&hellip;]<\/p>\n","protected":false},"author":2,"featured_media":0,"parent":0,"menu_order":0,"comment_status":"closed","ping_status":"closed","template":"","meta":{"_coblocks_attr":"","_coblocks_dimensions":"","_coblocks_responsive_height":"","_coblocks_accordion_ie_support":"","footnotes":""},"class_list":["post-3254","page","type-page","status-publish","hentry"],"_links":{"self":[{"href":"https:\/\/navixum.com\/es\/wp-json\/wp\/v2\/pages\/3254","targetHints":{"allow":["GET"]}}],"collection":[{"href":"https:\/\/navixum.com\/es\/wp-json\/wp\/v2\/pages"}],"about":[{"href":"https:\/\/navixum.com\/es\/wp-json\/wp\/v2\/types\/page"}],"author":[{"embeddable":true,"href":"https:\/\/navixum.com\/es\/wp-json\/wp\/v2\/users\/2"}],"replies":[{"embeddable":true,"href":"https:\/\/navixum.com\/es\/wp-json\/wp\/v2\/comments?post=3254"}],"version-history":[{"count":41,"href":"https:\/\/navixum.com\/es\/wp-json\/wp\/v2\/pages\/3254\/revisions"}],"predecessor-version":[{"id":3319,"href":"https:\/\/navixum.com\/es\/wp-json\/wp\/v2\/pages\/3254\/revisions\/3319"}],"wp:attachment":[{"href":"https:\/\/navixum.com\/es\/wp-json\/wp\/v2\/media?parent=3254"}],"curies":[{"name":"wp","href":"https:\/\/api.w.org\/{rel}","templated":true}]}}